{"id":39391,"date":"2022-03-17T12:36:00","date_gmt":"2022-03-17T11:36:00","guid":{"rendered":"https:\/\/mbaluminium.hu\/mb-line-screens\/"},"modified":"2022-03-17T12:36:00","modified_gmt":"2022-03-17T11:36:00","slug":"mb-line-kepernyok","status":"publish","type":"product","link":"https:\/\/mbaluminium.hu\/hu\/mb-line-kepernyok\/","title":{"rendered":"MB line - k\u00e9perny\u0151k"},"content":{"rendered":"<h2><span dir=\"ltr\" role=\"presentation\">V\u00e1s\u00e1rl\u00e1s napv\u00e9d\u0151 k\u00e9perny\u0151k<\/span><\/h2>\n<p><span dir=\"ltr\" role=\"presentation\">Gy\u00f6ny\u00f6r\u0171 f\u00e9nyv\u00e9d\u0151 k\u00e9perny\u0151inkkel \u00d6n d\u00f6nti el, hogy napot vagy \u00e1rny\u00e9kot szeretne. \u00c9rdekli \u00d6nt   <\/span><span dir=\"ltr\" role=\"presentation\">napellenz\u0151ket, szakszer\u0171en felszerelhetj\u00fck \u0151ket az otthoni ablakok el\u00e9 vagy egy<\/span> <span dir=\"ltr\" role=\"presentation\">tet\u0151 vagy torn\u00e1c be\u00e9p\u00edt\u00e9se. A k\u00fclt\u00e9ri napv\u00e9d\u0151 k\u00e9perny\u0151knek k\u00f6sz\u00f6nhet\u0151en \u00e9lvezheti <strong>h\u0171v\u00f6s \u00e9s<\/strong> <\/span> <span dir=\"ltr\" role=\"presentation\"><strong>adatv\u00e9delem <\/strong>otthon\u00e1ban vagy a terasz\u00e1n. Ezenk\u00edv\u00fcl a napellenz\u0151kkel ell\u00e1tott el\u0151tet\u0151 alatt gyakrabban lehet <\/span> <span dir=\"ltr\" role=\"presentation\">k\u00e9nyelmes szabadt\u00e9ri \u00fcl\u0151helyek. K\u00e9rjen \u00e1raj\u00e1nlatot vagy l\u00e9pjen kapcsolatba vel\u00fcnk tov\u00e1bbi inform\u00e1ci\u00f3k\u00e9rt, mi mondjuk   <\/span><span dir=\"ltr\" role=\"presentation\">\u00f6r\u00f6mmel tudok meg t\u00f6bbet a lehet\u0151s\u00e9gekr\u0151l.<\/span><\/p>\n<h2><span dir=\"ltr\" role=\"presentation\">Minden k\u00e9nyelemmel ell\u00e1tott napelemes k\u00e9perny\u0151vel<\/span><\/h2>\n<p><span dir=\"ltr\" role=\"presentation\">K\u00fcl\u00f6nb\u00f6z\u0151 t\u00edpus\u00fa \u00e1rny\u00e9kol\u00f3k k\u00f6z\u00fcl v\u00e1laszthat kis \u00e9s nagyobb ablakokhoz. A k\u00e9perny\u0151k   <\/span><span dir=\"ltr\" role=\"presentation\">mag\u00e1n\u00e9let, mivel az emberek m\u00e1r nem l\u00e1thatnak befel\u00e9. Azonban m\u00e9g mindig <strong>menj a <\/strong>  <\/span><span dir=\"ltr\" role=\"presentation\"><strong>k\u00edv\u00fclr\u0151l n\u00e9zel\u0151dve<\/strong>. A k\u00fclt\u00e9ri napellenz\u0151 k\u00e9perny\u0151k kis helyet foglalnak el, mert egy szintben vannak a <\/span> <span dir=\"ltr\" role=\"presentation\">ablakot helyeznek el. Ezek egy kompakt h\u00e1z \u00e9s az \u00e1tj\u00e1r\u00f3 ment\u00e9n az ablakok nem   <\/span><span dir=\"ltr\" role=\"presentation\">akad\u00e1lyoztatva.<\/span><\/p>\n<h2>Serge Ferrari<\/h2>\n<p>Kiz\u00e1r\u00f3lag a Serge Ferrari k\u00fclt\u00e9ri \u00e1rny\u00e9kol\u00f3sz\u00f6vetekkel dolgozunk egy\u00fctt a <a title=\"Serge Ferrari\" href=\"https:\/\/www.sergeferrari.com\/nl-nl\/productenserie-soltis\/soltis-perform-92\" target=\"_blank\" rel=\"nofollow noopener\">Soltis Perform 92<\/a> sorozat. Ez a sz\u00f6vet val\u00f3di h\u0151pajzsk\u00e9nt m\u0171k\u00f6dik, ak\u00e1r 97% h\u0151t is blokkol, ha k\u00edv\u00fclre helyezz\u00fck. Ez a 38 sz\u00ednben kaphat\u00f3 mikroperfor\u00e1lt v\u00e1szon a legjobb h\u0151teljes\u00edtm\u00e9nyt ny\u00fajtja.  <\/p>\n<h2><span dir=\"ltr\" role=\"presentation\">Kiterjedt v\u00e1laszt\u00e9k<\/span><\/h2>\n<p><span dir=\"ltr\" role=\"presentation\">A k\u00e9perny\u0151k t\u00f6bbf\u00e9le kivitelben kaphat\u00f3k. V\u00e1lasszon olyan k\u00e9perny\u0151sz\u00f6vetet, amely laza a   <\/span><span dir=\"ltr\" role=\"presentation\">vezet\u0151k felakaszt\u00e1sa vagy <strong>cipz\u00e1ras k\u00e9perny\u0151k<\/strong>, amelyek szeles k\u00f6r\u00fclm\u00e9nyek k\u00f6z\u00f6tt jobbak a hely\u00fck\u00f6n.<\/span> <span dir=\"ltr\" role=\"presentation\">maradj. A cipz\u00e1ras vagy norm\u00e1l k\u00e9perny\u0151 kiv\u00e1laszt\u00e1sa att\u00f3l f\u00fcgg, hogy sok sz\u00e9lre sz\u00e1m\u00edt-e. <\/span> <span dir=\"ltr\" role=\"presentation\">bizonyos napokon. Az \u00fagynevezett zipz\u00e1ras fels\u0151 k\u00e9perny\u0151k cipz\u00e1rral ell\u00e1tott v\u00e1ltozatban is kaphat\u00f3k.   <\/span><span dir=\"ltr\" role=\"presentation\">als\u00f3 l\u00e9c, amely szeles id\u0151ben m\u00e9g jobban a hely\u00e9n tartja a sz\u00f6vetet.<\/span><\/p>\n<h2>A k\u00e9perny\u0151k m\u0171k\u00f6d\u00e9se<\/h2>\n<p><span dir=\"ltr\" role=\"presentation\">A k\u00e9perny\u0151 m\u0171k\u00f6dtet\u00e9s\u00e9nek t\u00f6bb form\u00e1ja l\u00e9tezik. El\u0151sz\u00f6r is, egy <strong>k\u00e9zi <\/strong>  <\/span><span dir=\"ltr\" role=\"presentation\"><strong>m\u0171velet <\/strong>egy roll-up rendszeren kereszt\u00fcl nagyon hat\u00e9kony. Ez a vez\u00e9rl\u00e9s ugyan\u00fagy m\u0171k\u00f6dik, mint a red\u0151ny\u00f6kn\u00e9l. <\/span> <span dir=\"ltr\" role=\"presentation\">\u00e9s belt\u00e9ren vagy k\u00fclt\u00e9ren is felszerelhet\u0151. A napv\u00e9d\u0151 elektromos mozgat\u00e1sa szint\u00e9n   <\/span><span dir=\"ltr\" role=\"presentation\">lehets\u00e9ges, ez egy <strong>t\u00e1vir\u00e1ny\u00edt\u00f3<\/strong> vagy fali kapcsol\u00f3.<\/span><\/p>","protected":false},"excerpt":{"rendered":"<p><span class=\"brz-cp-color7\"><span dir=\"ltr\" role=\"presentation\">A parav\u00e1nok nemcsak a nap \u00e9s a sz\u00e9l ellen v\u00e9denek, hanem sz\u0171r\u0151k\u00e9nt is m\u0171k\u00f6dnek. <\/span><span dir=\"ltr\" role=\"presentation\">az UV-sug\u00e1rz\u00e1s ellen.<br \/>\n<\/span><\/span><span class=\"brz-cp-color7\"><span dir=\"ltr\" role=\"presentation\">Mert otthonod h\u0171v\u00f6s \u00e9s friss marad <\/span><span dir=\"ltr\" role=\"presentation\">ny\u00e1ron h\u0171v\u00f6s marad, kevesebb energi\u00e1t haszn\u00e1l az automatikusan vez\u00e9relt k\u00fclt\u00e9ri napellenz\u0151kkel.<\/span><\/span><\/p>\n<p><a href=\"https:\/\/mbaluminium.hu\/wp-content\/uploads\/2022\/03\/BRO-Soltis-Perform-92-EN.pdf\">Kattintson ide a Serge Ferrari bros\u00far\u00e1j\u00e1\u00e9rt az \u00f6sszes sz\u00ednt \u00e9s mint\u00e1t tartalmaz\u00f3 bros\u00far\u00e1\u00e9rt.<\/a><\/p>","protected":false},"featured_media":0,"template":"","meta":{"inline_featured_image":false,"site-sidebar-layout":"default","site-content-layout":"default","ast-site-content-layout":"default","site-content-style":"default","site-sidebar-style":"default","ast-global-header-display":"","ast-banner-title-visibility":"","ast-main-header-display":"","ast-hfb-above-header-display":"","ast-hfb-below-header-display":"","ast-hfb-mobile-header-display":"","site-post-title":"","ast-breadcrumbs-content":"","ast-featured-img":"","footer-sml-layout":"","ast-disable-related-posts":"","theme-transparent-header-meta":"default","adv-header-id-meta":"","stick-header-meta":"default","header-above-stick-meta":"","header-main-stick-meta":"","header-below-stick-meta":"","astra-migrate-meta-layouts":"default","ast-page-background-enabled":"default","ast-page-background-meta":{"desktop":{"background-color":"","background-image":"","background-repeat":"repeat","background-position":"center center","background-size":"auto","background-attachment":"scroll","background-type":"","background-media":"","overlay-type":"","overlay-color":"","overlay-opacity":"","overlay-gradient":""},"tablet":{"background-color":"","background-image":"","background-repeat":"repeat","background-position":"center center","background-size":"auto","background-attachment":"scroll","background-type":"","background-media":"","overlay-type":"","overlay-color":"","overlay-opacity":"","overlay-gradient":""},"mobile":{"background-color":"","background-image":"","background-repeat":"repeat","background-position":"center center","background-size":"auto","background-attachment":"scroll","background-type":"","background-media":"","overlay-type":"","overlay-color":"","overlay-opacity":"","overlay-gradient":""}},"ast-content-background-meta":{"desktop":{"background-color":"var(--ast-global-color-5)","background-image":"","background-repeat":"repeat","background-position":"center center","background-size":"auto","background-attachment":"scroll","background-type":"","background-media":"","overlay-type":"","overlay-color":"","overlay-opacity":"","overlay-gradient":""},"tablet":{"background-color":"var(--ast-global-color-5)","background-image":"","background-repeat":"repeat","background-position":"center center","background-size":"auto","background-attachment":"scroll","background-type":"","background-media":"","overlay-type":"","overlay-color":"","overlay-opacity":"","overlay-gradient":""},"mobile":{"background-color":"var(--ast-global-color-5)","background-image":"","background-repeat":"repeat","background-position":"center center","background-size":"auto","background-attachment":"scroll","background-type":"","background-media":"","overlay-type":"","overlay-color":"","overlay-opacity":"","overlay-gradient":""}}},"product_brand":[],"product_cat":[220],"product_tag":[],"class_list":{"0":"post-39391","1":"product","2":"type-product","3":"status-publish","5":"product_cat-awnings","6":"product_shipping_class-delivery","7":"desktop-align-left","8":"tablet-align-left","9":"mobile-align-left","10":"ast-product-gallery-layout-horizontal","11":"ast-product-gallery-with-no-image","12":"ast-product-tabs-layout-horizontal","14":"first","15":"instock","16":"taxable","17":"shipping-taxable","18":"purchasable","19":"product-type-simple"},"brizy_media":[],"_links":{"self":[{"href":"https:\/\/mbaluminium.hu\/hu\/wp-json\/wp\/v2\/product\/39391","targetHints":{"allow":["GET"]}}],"collection":[{"href":"https:\/\/mbaluminium.hu\/hu\/wp-json\/wp\/v2\/product"}],"about":[{"href":"https:\/\/mbaluminium.hu\/hu\/wp-json\/wp\/v2\/types\/product"}],"wp:attachment":[{"href":"https:\/\/mbaluminium.hu\/hu\/wp-json\/wp\/v2\/media?parent=39391"}],"wp:term":[{"taxonomy":"product_brand","embeddable":true,"href":"https:\/\/mbaluminium.hu\/hu\/wp-json\/wp\/v2\/product_brand?post=39391"},{"taxonomy":"product_cat","embeddable":true,"href":"https:\/\/mbaluminium.hu\/hu\/wp-json\/wp\/v2\/product_cat?post=39391"},{"taxonomy":"product_tag","embeddable":true,"href":"https:\/\/mbaluminium.hu\/hu\/wp-json\/wp\/v2\/product_tag?post=39391"}],"curies":[{"name":"wp","href":"https:\/\/api.w.org\/{rel}","templated":true}]}}